{"id":91,"date":"2007-12-23T06:10:41","date_gmt":"2007-12-23T05:10:41","guid":{"rendered":"http:\/\/www.pkvencac.org\/?page_id=91"},"modified":"2010-01-23T01:23:21","modified_gmt":"2010-01-23T00:23:21","slug":"akonkagva-2008","status":"publish","type":"page","link":"https:\/\/www.pkvencac.org\/?page_id=91","title":{"rendered":"Aconcagua 2008"},"content":{"rendered":"<p><a href=\"http:\/\/www.pkvencac.org\/?page_id=145\">NOVOSTI SA EKSPEDICIJE &quot;ACONCAGUA 2008&quot;<\/a> U oraganizaciji <a href=\"http:\/\/www.psdavala.org.yu\" target=\"_blank\">PSD &quot;AVALA&quot;<\/a> Beograd u periodu od 27.01.2008. do 29.02.2008 godine bi\u0107e izveden uspon na Akonkagvu (6962m) smerom Via Normale od Plaza de Mulas(4200m)do vrha.<\/p>\n<p><a href=\"http:\/\/www.pkvencac.org\/wp-content\/uploads\/2007\/12\/aconcagua-map.jpg\" title=\"aconcagua-map.jpg\"><img alt=\"aconcagua-map.jpg\" src=\"http:\/\/www.pkvencac.org\/wp-content\/uploads\/2007\/12\/aconcagua-map.jpg\" \/><\/a><\/p>\n<p>U ekspediciji koja ima deset \u010dlanova u\u010destvuje i jedan \u010dlan<\/p>\n<p>Planinarskog kluba &quot;Ven\u010dac&quot; Aran\u0111elovac Dra&scaron;ko Markovi\u0107.<span style=\"color: rgb(0, 128, 0);\"><strong> <\/strong><\/span> <a href=\"http:\/\/www.pkvencac.org\/wp-content\/uploads\/2007\/12\/aconcagua.jpg\" title=\"aconcagua.jpg\"><img alt=\"aconcagua.jpg\" src=\"http:\/\/www.pkvencac.org\/wp-content\/uploads\/2007\/12\/aconcagua.jpg\" \/><\/a><\/p>\n<p>Vo\u0111a ekspedicije &#8211; Slobodan Go\u010dmanac<\/p>\n<p>Zamenik vo\u0111e ekspedicije &#8211; Zoran Konti\u0107<\/p>\n<p>Vo\u0111a uspona &#8211; Ilija Andreji\u0107<\/p>\n<p>Zamenik vo\u0111e uspona &#8211; Dragan Petri\u0107<\/p>\n<p><a href=\"http:\/\/www.pkvencac.org\/wp-content\/uploads\/2007\/12\/aconcagua1.jpg\" title=\"aconcagua1.jpg\"><img alt=\"aconcagua1.jpg\" src=\"http:\/\/www.pkvencac.org\/wp-content\/uploads\/2007\/12\/aconcagua1.thumbnail.jpg\" \/><\/a> <img alt=\"logo1.jpg\" src=\"http:\/\/www.pkvencac.org\/wp-content\/uploads\/2007\/12\/logo1.thumbnail.jpg\" \/><a href=\"http:\/\/www.pkvencac.org\/wp-content\/uploads\/2008\/01\/spb_logo.jpg\" title=\"spb_logo.jpg\"><img alt=\"spb_logo.jpg\" src=\"http:\/\/www.pkvencac.org\/wp-content\/uploads\/2008\/01\/spb_logo.thumbnail.jpg\" \/><\/a><\/p>\n<p><a href=\"http:\/\/www.pkvencac.org\/?page_id=99\"><strong><span style=\"color: rgb(0, 128, 0);\"><span style=\"color: rgb(255, 102, 0);\">PROGRAM EKSPEDICIJE<\/span> <\/span><\/strong><\/a><\/p>\n","protected":false},"excerpt":{"rendered":"<p>NOVOSTI SA EKSPEDICIJE &quot;ACONCAGUA 2008&quot; U oraganizaciji PSD &quot;AVALA&quot; Beograd u periodu od 27.01.2008. do 29.02.2008 godine bi\u0107e izveden uspon na Akonkagvu (6962m) smerom Via Normale od Plaza de Mulas(4200m)do vrha. U ekspediciji koja ima deset \u010dlanova u\u010destvuje i jedan \u010dlan Planinarskog kluba &quot;Ven\u010dac&quot; Aran\u0111elovac Dra&scaron;ko Markovi\u0107. Vo\u0111a ekspedicije &#8211; Slobodan Go\u010dmanac Zamenik vo\u0111e ekspedicije [&hellip;]<\/p>\n","protected":false},"author":1,"featured_media":0,"parent":712,"menu_order":0,"comment_status":"closed","ping_status":"open","template":"","meta":{"ngg_post_thumbnail":0},"_links":{"self":[{"href":"https:\/\/www.pkvencac.org\/index.php?rest_route=\/wp\/v2\/pages\/91"}],"collection":[{"href":"https:\/\/www.pkvencac.org\/index.php?rest_route=\/wp\/v2\/pages"}],"about":[{"href":"https:\/\/www.pkvencac.org\/index.php?rest_route=\/wp\/v2\/types\/page"}],"author":[{"embeddable":true,"href":"https:\/\/www.pkvencac.org\/index.php?rest_route=\/wp\/v2\/users\/1"}],"replies":[{"embeddable":true,"href":"https:\/\/www.pkvencac.org\/index.php?rest_route=%2Fwp%2Fv2%2Fcomments&post=91"}],"version-history":[{"count":8,"href":"https:\/\/www.pkvencac.org\/index.php?rest_route=\/wp\/v2\/pages\/91\/revisions"}],"predecessor-version":[{"id":1101,"href":"https:\/\/www.pkvencac.org\/index.php?rest_route=\/wp\/v2\/pages\/91\/revisions\/1101"}],"up":[{"embeddable":true,"href":"https:\/\/www.pkvencac.org\/index.php?rest_route=\/wp\/v2\/pages\/712"}],"wp:attachment":[{"href":"https:\/\/www.pkvencac.org\/index.php?rest_route=%2Fwp%2Fv2%2Fmedia&parent=91"}],"curies":[{"name":"wp","href":"https:\/\/api.w.org\/{rel}","templated":true}]}}