{"id":31,"date":"2007-12-22T04:36:57","date_gmt":"2007-12-22T03:36:57","guid":{"rendered":"http:\/\/www.pkvencac.org\/?page_id=31"},"modified":"2010-01-23T01:21:22","modified_gmt":"2010-01-23T00:21:22","slug":"grom","status":"publish","type":"page","link":"https:\/\/www.pkvencac.org\/?page_id=31","title":{"rendered":"Grom"},"content":{"rendered":"<p><font color=\"#008000\">Svake godine od groma stradaju ljudi i stoka i to u \u0161umama, dolinama, planinama, selima i gradovima, ukratko, svuda, pa i tamo gde se to najmanje o\u010dekuje.<br \/>\nJedina prava za\u0161tita od groma je ku\u0107a sa gromobranskom instacijom ili automobil.<\/font><\/p>\n<p><font color=\"#008000\"><strong>Saznanja<\/strong><\/font><\/p>\n<p><font color=\"#008000\">* Vremenska prognoza i izve\u0161taj o vremenu.<br \/>\n* Slu\u0161ajte izve\u0161taje o vremenu i primetite vremenske pojave:<br \/>\n* Gromovi prate \u201cToplotne\u201d oluje koje su naj\u010de\u0161ce s prole\u0107a i leti, kada se vazduh jako zagreje<br \/>\n* Hladni talas se naj\u010de\u0161\u0107e pojavljuje pra\u0107en intenzivnim i neo\u010dekivanim olujama.<br \/>\n* Kada se za lepog vremena i vedrog neba brzo pojavljuju kupasti oblaci zna\u010di da se ubrzo sprema oluja.<br \/>\n* Prole\u0107na stanja sa izjedna\u010denim vazdu\u0161nim pritiskom su pogodna za nastanak oluja i elektri\u010dnog pra\u017enjenja.<\/font><\/p>\n<p><font color=\"#008000\">Primetite slede\u0107e vremenske znakove:<\/font><\/p>\n<p><font color=\"#008000\">* upozoravaju\u0107i zanci &#8211; sparan vazduh, kupasti oblaci, nagli pad pritiska<br \/>\n* znaci opasnosti &#8211; kupasti oblaci sa tamnom (prete\u0107om) osnovom, zati\u0161je vetra, udaljena grmljavina (tada je ve\u0107 vrlo opasno)<br \/>\n* znaci krajnje opasnosti &#8211; naelektrisanje u vazduhu (kosa se di\u017ee, pucketanje vazduha &#8230;)<\/font><\/p>\n<p><font color=\"#008000\"><strong>POSTUPAK<\/strong><\/font><\/p>\n<p><font color=\"#008000\">Jedini lek protiv groma je da pravovremeno (trenutno) otr\u010dite u siguran zaklon!<br \/>\nIzgovor da oluju niste o\u010dekivali, vrlo je moderan, ali nijedna oluja ne dolazi o\u010dekivano!<br \/>\nAko ho\u0107ete da budete bezbedni od gromova, svoje planinarenje planirajte tako da do podneva ili rano popodne budete u blizini sigurnog zaklona &#8211; ku\u0107a, automobil, voz.<\/font><\/p>\n<p><font color=\"#008000\"><strong>Budite svesni<\/strong><br \/>\nAko vas je ve\u0107 zadesila oluja morate znati da:<br \/>\n<strong>Posebno ste ugro\u017eeni<\/strong>: na vrhovima, na grebenovima, u blizini usamljenih stabala ili pod njima, oko \u017eljebova i buji\u010dnih tokova, u podno\u017ejima previsnih i vertikalnih stena, u udubinama, u okapinama, pod dalekovodima.<br \/>\n<strong><br \/>\nManje opasno (ali daleko od sigurnog) je<\/strong>: u dolinama, oko 15m od vertikalnih stena, previsa i litica, \u010du\u010danje pod bivak vre\u0107om, sedenje na rancu sa prekr\u0161tenim nogama.<br \/>\n\u0160tite\u0107i se od groma pazite se gubitka ravnote\u017ee i pada usled jakih udara vetra. Vazdu\u0161ni udar je vec mnoge oduvao sa prevoja u dolinu.<\/font><\/p>\n<p><a href=\"http:\/\/www.pkvencac.org\/?page_id=26\"><img src=\"http:\/\/www.pkvencac.org\/wp-content\/uploads\/2007\/11\/nazad.thumbnail.gif\" alt=\"NAZAD\" \/><\/a><\/p>\n","protected":false},"excerpt":{"rendered":"<p>Svake godine od groma stradaju ljudi i stoka i to u \u0161umama, dolinama, planinama, selima i gradovima, ukratko, svuda, pa i tamo gde se to najmanje o\u010dekuje. Jedina prava za\u0161tita od groma je ku\u0107a sa gromobranskom instacijom ili automobil. Saznanja * Vremenska prognoza i izve\u0161taj o vremenu. * Slu\u0161ajte izve\u0161taje o vremenu i primetite vremenske [&hellip;]<\/p>\n","protected":false},"author":1,"featured_media":0,"parent":26,"menu_order":0,"comment_status":"closed","ping_status":"open","template":"","meta":{"ngg_post_thumbnail":0},"_links":{"self":[{"href":"https:\/\/www.pkvencac.org\/index.php?rest_route=\/wp\/v2\/pages\/31"}],"collection":[{"href":"https:\/\/www.pkvencac.org\/index.php?rest_route=\/wp\/v2\/pages"}],"about":[{"href":"https:\/\/www.pkvencac.org\/index.php?rest_route=\/wp\/v2\/types\/page"}],"author":[{"embeddable":true,"href":"https:\/\/www.pkvencac.org\/index.php?rest_route=\/wp\/v2\/users\/1"}],"replies":[{"embeddable":true,"href":"https:\/\/www.pkvencac.org\/index.php?rest_route=%2Fwp%2Fv2%2Fcomments&post=31"}],"version-history":[{"count":2,"href":"https:\/\/www.pkvencac.org\/index.php?rest_route=\/wp\/v2\/pages\/31\/revisions"}],"predecessor-version":[{"id":1089,"href":"https:\/\/www.pkvencac.org\/index.php?rest_route=\/wp\/v2\/pages\/31\/revisions\/1089"}],"up":[{"embeddable":true,"href":"https:\/\/www.pkvencac.org\/index.php?rest_route=\/wp\/v2\/pages\/26"}],"wp:attachment":[{"href":"https:\/\/www.pkvencac.org\/index.php?rest_route=%2Fwp%2Fv2%2Fmedia&parent=31"}],"curies":[{"name":"wp","href":"https:\/\/api.w.org\/{rel}","templated":true}]}}