{"id":2,"date":"2007-10-28T02:10:46","date_gmt":"2007-10-28T01:10:46","guid":{"rendered":""},"modified":"2010-02-03T01:10:42","modified_gmt":"2010-02-03T00:10:42","slug":"about","status":"publish","type":"page","link":"https:\/\/www.pkvencac.org\/?page_id=2","title":{"rendered":"Kontakt"},"content":{"rendered":"<p><strong>Istorijat<\/strong><\/p>\n<p>\t6.aprila 1952. u selu Banja kod Aran\u0111elovca uz prisustvo 35 \u010dlanova<br \/>\n\tosniva\u010dke skup&scaron;tine osnovan je Planinarski klub Ven\u010dac.<\/p>\n<p><span>            \n\t\t<div class=\"ngg-gallery-singlepic-image ngg-left\" style=\"max-width: 65px\">\n\t\t\t    \t<a href=\"https:\/\/www.pkvencac.org\/wp-content\/gallery\/spb\/mapa2.gif\"\n\t\t     title=\"\"\n             data-src=\"https:\/\/www.pkvencac.org\/wp-content\/gallery\/spb\/mapa2.gif\"\n             data-thumbnail=\"https:\/\/www.pkvencac.org\/wp-content\/gallery\/spb\/thumbs\/thumbs_mapa2.gif\"\n             data-image-id=\"664\"\n             data-title=\"mapa2\"\n             data-description=\"\"\n             target='_self'\n             class=\"ngg-fancybox\" rel=\"54c99293b4a114b02a0e3d94ac8a8006\">\n            <img class=\"ngg-singlepic\"\n             src=\"https:\/\/www.pkvencac.org\/wp-content\/gallery\/spb\/cache\/mapa2.gif-nggid03664-ngg0dyn-100x75x100-00f0w011c010r110f110r010t010.gif\"\n             alt=\"mapa2\"\n             title=\"mapa2\"\n              width=\"65\"               \/>\n    \t<\/a>\n\t\t      <\/div>\n         <\/span><span>            \n\t\t<div class=\"ngg-gallery-singlepic-image ngg-left\" style=\"max-width: 65px\">\n\t\t\t    \t<a href=\"https:\/\/www.pkvencac.org\/wp-content\/gallery\/spb\/ar.gif\"\n\t\t     title=\"\"\n             data-src=\"https:\/\/www.pkvencac.org\/wp-content\/gallery\/spb\/ar.gif\"\n             data-thumbnail=\"https:\/\/www.pkvencac.org\/wp-content\/gallery\/spb\/thumbs\/thumbs_ar.gif\"\n             data-image-id=\"663\"\n             data-title=\"ar\"\n             data-description=\"\"\n             target='_self'\n             class=\"ngg-fancybox\" rel=\"a7e2a4840e0094109d7c2e9a761b3e55\">\n            <img class=\"ngg-singlepic\"\n             src=\"https:\/\/www.pkvencac.org\/wp-content\/gallery\/spb\/cache\/ar.gif-nggid03663-ngg0dyn-100x75x100-00f0w011c010r110f110r010t010.gif\"\n             alt=\"ar\"\n             title=\"ar\"\n              width=\"65\"               \/>\n    \t<\/a>\n\t\t      <\/div>\n        <\/span><\/p>\n<p>&nbsp;<\/p>\n<p>&nbsp;<\/p>\n<p>&nbsp;<\/p>\n<p><strong>Kontakt<\/strong><\/p>\n<p>\tPlaninarski klub &quot;Ven\u010dac&quot; Aran\u0111elovac<br \/>\n\t34300 Aran\u0111elovac<br \/>\n\tul. Svetogorska 44<br \/>\n\tTel. 064\/0363-500 Dra&scaron;ko Markovi\u0107&nbsp;&nbsp;&nbsp; <a href=\"mailto:drasko@pkvencac.org\">drasko@pkvencac.org<\/a><br \/>\n\tTel. 064\/161-93-51 Milutin Boj\u010di\u0107&nbsp;&nbsp;&nbsp;&nbsp;&nbsp;&nbsp;&nbsp;&nbsp;&nbsp;&nbsp;&nbsp; <a href=\"mailto:mica@pkvencac.org\">mica@pkvencac.org<\/a><br \/>\n\tMati\u010dni broj: 17632035<br \/>\n\t&Scaron;ifra delatnosti: 92622<br \/>\n\tPIB: 103951658<br \/>\n\t\u017d.R. 150-12409-62<br \/>\n\t<a href=\"mailto:office@pkvencac.org\">office@pkvencac.org<\/a><\/p>\n<p>Postanite na&scaron; \u010dlan, preuzmite pristupnicu,popunite je i donesite na sastanak Dru&scaron;tva<\/p>\n<p><a href=\"http:\/\/www.pkvencac.org\/wp-content\/uploads\/2008\/01\/evidencioni_karton.pdf\" title=\"evidencioni_karton.pdf\">evidencioni_karton.pdf<\/a><\/p>\n<p>&nbsp;<\/p>\n<p><span style=\"font-size: 16px;\"><strong>Pi&scaron;ite nam<br \/>\n\t<\/strong><\/span><\/p>\n<div role=\"form\" class=\"wpcf7\" id=\"wpcf7-f1232-o1\" dir=\"ltr\">\n<div class=\"screen-reader-response\"><p role=\"status\" aria-live=\"polite\" aria-atomic=\"true\"><\/p> <ul><\/ul><\/div>\n<form action=\"\/index.php?rest_route=%2Fwp%2Fv2%2Fpages%2F2#wpcf7-f1232-o1\" method=\"post\" class=\"wpcf7-form init\" novalidate=\"novalidate\" data-status=\"init\">\n<div style=\"display: none;\">\n<input type=\"hidden\" name=\"_wpcf7\" value=\"1232\" \/>\n<input type=\"hidden\" name=\"_wpcf7_version\" value=\"5.4\" \/>\n<input type=\"hidden\" name=\"_wpcf7_locale\" value=\"\" \/>\n<input type=\"hidden\" name=\"_wpcf7_unit_tag\" value=\"wpcf7-f1232-o1\" \/>\n<input type=\"hidden\" name=\"_wpcf7_container_post\" value=\"0\" \/>\n<input type=\"hidden\" name=\"_wpcf7_posted_data_hash\" value=\"\" \/>\n<\/div>\n<p>Unesite va\u0161e ime:<br \/>\n    <span class=\"wpcf7-form-control-wrap your-name\"><input type=\"text\" name=\"your-name\" value=\"\" size=\"40\" class=\"wpcf7-form-control wpcf7-text wpcf7-validates-as-required\" aria-required=\"true\" aria-invalid=\"false\" \/><\/span> <\/p>\n<p>Adresa elektronske po\u0161te:<br \/>\n    <span class=\"wpcf7-form-control-wrap your-email\"><input type=\"email\" name=\"your-email\" value=\"\" size=\"40\" class=\"wpcf7-form-control wpcf7-text wpcf7-email wpcf7-validates-as-required wpcf7-validates-as-email\" aria-required=\"true\" aria-invalid=\"false\" \/><\/span> <\/p>\n<p>Naslov poruke<br \/>\n    <span class=\"wpcf7-form-control-wrap your-subject\"><input type=\"text\" name=\"your-subject\" value=\"\" size=\"40\" class=\"wpcf7-form-control wpcf7-text\" aria-invalid=\"false\" \/><\/span> <\/p>\n<p>Unesite svoju poruku:<br \/>\n    <span class=\"wpcf7-form-control-wrap your-message\"><textarea name=\"your-message\" cols=\"40\" rows=\"10\" class=\"wpcf7-form-control wpcf7-textarea\" aria-invalid=\"false\"><\/textarea><\/span> <\/p>\n<p><input type=\"submit\" value=\"Po\u0161alji\" class=\"wpcf7-form-control wpcf7-submit\" \/><\/p>\n<div class=\"wpcf7-response-output\" aria-hidden=\"true\"><\/div><\/form><\/div>\n","protected":false},"excerpt":{"rendered":"<p>Istorijat 6.aprila 1952. u selu Banja kod Aran\u0111elovca uz prisustvo 35 \u010dlanova osniva\u010dke skup&scaron;tine osnovan je Planinarski klub Ven\u010dac. &nbsp; &nbsp; &nbsp; Kontakt Planinarski klub &quot;Ven\u010dac&quot; Aran\u0111elovac 34300 Aran\u0111elovac ul. Svetogorska 44 Tel. 064\/0363-500 Dra&scaron;ko Markovi\u0107&nbsp;&nbsp;&nbsp; drasko@pkvencac.org Tel. 064\/161-93-51 Milutin Boj\u010di\u0107&nbsp;&nbsp;&nbsp;&nbsp;&nbsp;&nbsp;&nbsp;&nbsp;&nbsp;&nbsp;&nbsp; mica@pkvencac.org Mati\u010dni broj: 17632035 &Scaron;ifra delatnosti: 92622 PIB: 103951658 \u017d.R. 150-12409-62 office@pkvencac.org Postanite na&scaron; [&hellip;]<\/p>\n","protected":false},"author":1,"featured_media":0,"parent":0,"menu_order":0,"comment_status":"closed","ping_status":"open","template":"","meta":{"ngg_post_thumbnail":0},"_links":{"self":[{"href":"https:\/\/www.pkvencac.org\/index.php?rest_route=\/wp\/v2\/pages\/2"}],"collection":[{"href":"https:\/\/www.pkvencac.org\/index.php?rest_route=\/wp\/v2\/pages"}],"about":[{"href":"https:\/\/www.pkvencac.org\/index.php?rest_route=\/wp\/v2\/types\/page"}],"author":[{"embeddable":true,"href":"https:\/\/www.pkvencac.org\/index.php?rest_route=\/wp\/v2\/users\/1"}],"replies":[{"embeddable":true,"href":"https:\/\/www.pkvencac.org\/index.php?rest_route=%2Fwp%2Fv2%2Fcomments&post=2"}],"version-history":[{"count":26,"href":"https:\/\/www.pkvencac.org\/index.php?rest_route=\/wp\/v2\/pages\/2\/revisions"}],"predecessor-version":[{"id":1120,"href":"https:\/\/www.pkvencac.org\/index.php?rest_route=\/wp\/v2\/pages\/2\/revisions\/1120"}],"wp:attachment":[{"href":"https:\/\/www.pkvencac.org\/index.php?rest_route=%2Fwp%2Fv2%2Fmedia&parent=2"}],"curies":[{"name":"wp","href":"https:\/\/api.w.org\/{rel}","templated":true}]}}