{"id":145,"date":"2008-01-23T16:37:05","date_gmt":"2008-01-23T15:37:05","guid":{"rendered":"http:\/\/www.pkvencac.org\/?page_id=145"},"modified":"2010-01-23T01:23:44","modified_gmt":"2010-01-23T00:23:44","slug":"novosti","status":"publish","type":"page","link":"https:\/\/www.pkvencac.org\/?page_id=145","title":{"rendered":"Novosti"},"content":{"rendered":"<p><strong>Ekspediciju pomogli:<\/strong><\/p>\n<p><a href=\"http:\/\/www.pkvencac.org\/wp-content\/uploads\/2008\/01\/opstina.jpg\" title=\"opstina.jpg\"><img alt=\"opstina.jpg\" src=\"http:\/\/www.pkvencac.org\/wp-content\/uploads\/2008\/01\/opstina.thumbnail.jpg\" \/><\/a> <a href=\"http:\/\/www.bekament.com\/srpski\/index.php\" target=\"_blank\" title=\"BANJA KOMERC\"><img alt=\"BANJA KOMERC\" src=\"http:\/\/www.pkvencac.org\/wp-content\/uploads\/2008\/01\/banja.thumbnail.jpg\" \/><\/a> <a href=\"http:\/\/www.pkvencac.org\/wp-content\/uploads\/2008\/01\/spb_logo.jpg\" title=\"spb_logo.jpg\"><img alt=\"spb_logo.jpg\" src=\"http:\/\/www.pkvencac.org\/wp-content\/uploads\/2008\/01\/spb_logo.thumbnail.jpg\" \/><\/a><\/p>\n<p><strong>29.02.- Beograd<\/strong><\/p>\n<p>\u010clanovi ekspedicije Avala Akonkagva 2008 stigli u Beograd.<\/p>\n<p><strong>14.02.2008. Plasa de Mulas<\/strong><\/p>\n<p>Sino\u0107 u 21.00 po vremenu u Srbiji penjacki tim ekspedicije Avala Akonkagva 2008 bezbedno je si&scaron;ao do baznog logora Plasa de Mulas. Svih sedam penja\u010da odli\u010dno se ose\u0107aju, uprkos napornom poduhvatu koji su preduzeli predhodnih dana. Posle jednodnevnog odmora i prepakivanja opreme ekspedicijski tim ce si\u0107i do Mendoze. Odatle po\u010dinje realizacija druge faze ekspedicije, obilazak arheoloskih nalazista na putu Inka i gradova Macu picu i Kusko. Pozdrav Srbiji iz baznog logora Plasa de mulas.<\/p>\n<p><a href=\"http:\/\/www.pkvencac.org\/?attachment_id=165\" rel=\"attachment wp-att-165\" title=\"Plasa de Mulas\"><img alt=\"Plasa de Mulas\" src=\"http:\/\/www.pkvencac.org\/wp-content\/uploads\/2008\/02\/img_0216.thumbnail.JPG\" \/><\/a><\/p>\n<p><strong>13.02. u 16.20 h &#8211; SRBIJA NA VRHU AKONKAGVE !<\/strong><\/p>\n<p>Sinoc u 21 cas po vremenu u Srbiji, na Akonkagvi, najvisem vrhu Juzne hemisvere, zavijorila se zastava Srbije.Penjaci ekspedicijskog tima Avala-Akonkagva 2008. popeli su se na najvisi vrh obe Amerike posle 14 sati teskog i napornog penjanja ka vrhu El Kumbre.U toku veceri penjace ceka nimalo lak povratak u visinski logor Berlina odakle, posle prospavane noci, krecu put baznog logora Plasa de Mulas. Ekspedicijski tim Avala-Akonkagva 2008. posle osvajanja vrha, uputice se u delimicni obilazak puteva Inka i gradova Kusko i Makcu Pikcu.Pozdrav Srbiji sa vrha Juzne hemisfere.<\/p>\n<p><strong>12.02.- Ka vrhu-visinski logor Berlina 5930<\/strong><\/p>\n<p>Posle nekoliko sneznim padavinama,vetrom i temperaturama do minus 25 stepenicelzijusovih, vreme se znatno prolepsalo i omogucilo penjackom timu ekspedicije Avala Akonkagva 2008. da se upute u finalni uspon ka vrhu El Kumbre na 6962 mnv. Po planu uspona, ka Berlini, poslednjem visinskom logoru pod vrhom, uputilo se svih sedsm penjaca ekspedicije, dok je ekipa RTS-a, iako su ispenjali 5 560mnv, ipak ostala u baznom logoru kako ne bi usporili napredovanje penjaca. U visinskom logoru Berlina trenutno je minus 15, sa udarima vetra do 15 km na sat a poodne se ocekuje slabiji sneg.Bazni logor je u stalnoj radio vezi sa penjacima koji su odlicno raspolozeni i u poslednju fazu uspona ulaze odlicno spremni. Posle prospavane noci, penjaci ce se uputiti put vrha Akonkagve.Po planu uspona, srpska zastava ce se sutra 13.2.2008. u 12 casova po lokalnom, a u 15 po srpskom vremenu, zavijoriti na najvisem vrhu juzne hemisfere. Pozdrav Srbijo!<font color=\"#339966\"><strong> <\/strong><\/font><\/p>\n<p><strong>08.02.2008. Nido de Kondores-Snezna mecava<\/strong><\/p>\n<p>Tokom no\u0107i i jutra nad visinskim logorom Nodo de Kondores vejao je sneg uz snazan vetar. Temperatura je bila oko -20. Posle prospavane no\u0107i ekspedicijski tim Avala Akonkagva 2008 spustio se, po 15 cm dubokom snegu do baznog logora Plasa de Mulas. Preslozena je oprema i na\u010dinjen plan aktivnosti za naredna dva dana koja ce \u010dlanovi ekspedicije, po planu aklimatizacije, provesti u logoru i okolini. Narednih dana ceo tim \u0107e i\u0107i na dodatni lekarski pregled kako bi dobili dovole za finalni uspon do vrha Akonkagve. Pozdrav SRBIJO<\/p>\n<p><strong>07.02.2008. U kondorovom gnezdu-5560mnv<\/strong><\/p>\n<p>U okviru aklimatizacionih uspona ekspedicijski tim Avala-Akonkagva 2008 danas se popeo do visinskog logora Nido de Kondores (kondorovo gnezdo) po sna\u017enoj sne\u017enoj vejavici koja je pratila ve\u0107i deo uspona savladana je visinska razlika od 1200m. Po planu aklimatizacije na ovoj visini \u0107e se no\u0107iti a zatim se ekipa vra\u0107a na Plasa de Mulas gde \u0107e se naredna dva dana pripremati za novi uspon do visinskog logora Berlina odakle se obi\u010dno kre\u0107e na vrh Akonkagve. Zdravstveno stanje ekipe, uz par lakih prehlada, dobro a raspolozenje odlicno.<\/p>\n<p><strong>05.02.2008. Plaza Canada &#8211; 5048 mnv<\/strong><\/p>\n<p align=\"justify\">Ekspedicijski tim Avala Akonkagva 2008 danas je tokom pre podneva pre&scaron;ao 5048 mnv na Plaza canada kojase nalazi na ruti ka visinskom logoru Nido de Kondores. Tokom uspona staza je bila prekrivena snegom koji se pri povratku ve\u0107inom istopio. Ovim aklimatizacionim usponom savladana je visinska razlika od 700m a \u010detiri \u010dlana ekspedicije su danas prvi put presla visinu od 5000m. Zdravstveno stanje ekipe je odli\u010dno a raspolo\u017eenje na visokom nivou tacno 5048mnv). Pozdrav SRBIJO!<\/p>\n<p align=\"justify\"><strong>04.02.2008. Plaza de Mulas-pripreme<\/strong><\/p>\n<p align=\"justify\">Posle mirne i lepo prespavane no\u0107i, aklimatizacionim usponom od 4km sa promenama visinske razlike od 100-200 m, ekipa ekspedicije Avala Akonkagva 2008 po\u010dela je realizaciju planiranih pripremnih uspona za aklimatizaciju. Popodne je u planu izlazak na stazu koja vodi put visinskog logora Nido de Kondores (5560mnv) i povratak posle savladavanja visinske razlike od 200-300 mnv. Vreme sun\u010dano i stabilno. Zdravstveno stanje svih \u010dlanova ekspedicije odli\u010dno a raspolo\u017eenje jos bolje.<\/p>\n<p align=\"justify\"><strong>Pozdrav SRBIJO!<\/strong><\/p>\n<p>&nbsp;<a href=\"http:\/\/www.pkvencac.org\/wp-content\/uploads\/2008\/02\/horcones.jpg\" title=\"horcones.jpg\"><img alt=\"horcones.jpg\" src=\"http:\/\/www.pkvencac.org\/wp-content\/uploads\/2008\/02\/horcones.thumbnail.jpg\" \/><\/a> <a href=\"http:\/\/www.pkvencac.org\/wp-content\/uploads\/2008\/02\/plaza.jpg\" title=\"plaza.jpg\"><img alt=\"plaza.jpg\" src=\"http:\/\/www.pkvencac.org\/wp-content\/uploads\/2008\/02\/plaza.thumbnail.jpg\" \/><\/a> <a href=\"http:\/\/www.pkvencac.org\/wp-content\/uploads\/2008\/02\/plaza-de-mulas.jpg\" title=\"plaza-de-mulas.jpg\"><img alt=\"plaza-de-mulas.jpg\" src=\"http:\/\/www.pkvencac.org\/wp-content\/uploads\/2008\/02\/plaza-de-mulas.thumbnail.jpg\" \/><\/a><\/p>\n<p><strong>03.02.2008. Plasa de Mulas-Dobijene dozvole<\/strong><\/p>\n<p align=\"justify\">Uprkos jucerasnjim pojacanim naporima, rezultati danasnjih pregleda su izuzetno dobri. To znaci da nam se organizam dobro privikava na povecanu nadmorsku visinu i da smo posle prespavane noci uspeli da se dobro odmorimo.Svi clanovi ekspedicije dobili su obaveznu dozvolu lekara nacionalnog parka Akonkagva za dalju aklimatizaciju i uspon posle jednodnevnog odmora.Dan za odmor koristimo za preslaganje opreme, razmestanje satora u baznom logoru i proveru kao i pripremu onih koji ce biti izneti u visinske logore.<\/p>\n<p><a href=\"http:\/\/www.pkvencac.org\/wp-content\/uploads\/2008\/02\/confluencia.jpg\" title=\"confluencia.jpg\"><img alt=\"confluencia.jpg\" src=\"http:\/\/www.pkvencac.org\/wp-content\/uploads\/2008\/02\/confluencia.thumbnail.jpg\" \/><\/a><strong><font color=\"#008000\"> <a href=\"http:\/\/www.pkvencac.org\/wp-content\/uploads\/2008\/02\/dolazak.jpg\" title=\"dolazak.jpg\"><img alt=\"dolazak.jpg\" src=\"http:\/\/www.pkvencac.org\/wp-content\/uploads\/2008\/02\/dolazak.thumbnail.jpg\" \/><\/a> <\/font><\/strong><\/p>\n<p><strong>02.02.2008. Plasa de Mulas-4380mnv<\/strong><\/p>\n<p>Ekipa ekspedicije Avala-Akonkagva 2008 uspesno je zavrsila prvu fazu uspona na putu ka vrhu Akonkagve. Pre tri dana ekspedicija je preko mesta Puento de Inka 2750 mnv usla u nacionalni park Akonkagva. Prateci cetiri kilometra zivopisnog kanjona zvanog Laguna Horkones stigli smo do medju logora Konfuencije na 3395 mnv. Pre nocenja sprovedena je kraca aklimatizaciona setnja u okolini kampa po prelepim brdima i delom kanjona Horkonesa sa predivnim vodenim kaskadama glecerskih voda, od po nekoliko stotina metara. Sutradan, drugog februara, krenuli smo put baznog kampa Plasa de Mulas na 4380 mnv. Visinska razlika od gotovo 1000 m savladava se stazom dugom 20 km delom isusenog kanjona Horkones. Zbok nadmorske visine i izuzetno strmog uspona pred samim logorom stazu smo prosli za 10 h. Svi clanovi ekspedicije dobro se osecaju i u dobrom su zdravstvenom stanju, tako da ocekujemo da ce sutra, svi dobiti obaveznu dozvolu dezurnog lekara baznog kampa. Samo uz takvu dozvolu moze se nastaviti dalji aklimatizacioni usponi i glavni uspon. Pozdrav Srbiji sa 4380 metara.&nbsp;<\/p>\n<p><strong>30.01.2008. Mendoza-Stigla oprema<\/strong><\/p>\n<ul>\n<li>Ekspedicijska oprema napokon stigla kasno popodne i izazvala opste odusevljenje svih clanova ekspedicije.<\/li>\n<li>Tokom veceri proverena i prepakovana oprema, obavljena nabavka hrane za visinske logore i drugih neophodnih sitnica.<\/li>\n<li>Ujutru uzimamo dozvole za uspon i krecemo put Puento de inka na 2800 mnv odakle pocinjemo uspon.<\/li>\n<li>Zdravstveni bilten ekspedicije vise nego odlican, a raspolozenje znacajno poboljsano pristizanjem opreme i polaskom na uspon.<\/li>\n<\/ul>\n<p><strong>29.01.2008. Mendoza-Zastoj zbog zagubljene opreme<\/strong><\/p>\n<p align=\"justify\">\u010clanovi ekspedicije PSD Avala &quot;AKONKAGVA 2008&quot; ve\u0107 se dva dana neplanirano nalaze u Mendozi. Kompletnu ekspedicijsku opemu avio prevoznici su zagubili negde na putu izmedju kontinenata, pa je do&scaron;lo do zastoja u realizaciji plana uspona. Dok avio prevoznici poku&scaron;avaju da pronadju zagubljeni prtljag, razmatraju se sve opcije kako bi se ekspedicija uspesno realizovala uprkos ovom ogromnom organizacionom problemu. Zdravstveno stanje svih \u010dlanova ekspedicije je odli\u010dno, a raspolo\u017eenje je dobro uprkos problemima sa opremom i neizvesnosti o terminu po\u010detka uspona.<\/p>\n<p align=\"justify\"><strong>Neke od slika u dolasku do Mendoze<\/strong><\/p>\n<p><a href=\"http:\/\/www.pkvencac.org\/wp-content\/uploads\/2008\/01\/hram.jpg\" title=\"hram.jpg\"><img alt=\"hram.jpg\" src=\"http:\/\/www.pkvencac.org\/wp-content\/uploads\/2008\/01\/hram.thumbnail.jpg\" \/><\/a> <a href=\"http:\/\/www.pkvencac.org\/wp-content\/uploads\/2008\/01\/aerodrombgd.jpg\" title=\"aerodrombgd.jpg\"><img alt=\"aerodrombgd.jpg\" src=\"http:\/\/www.pkvencac.org\/wp-content\/uploads\/2008\/01\/aerodrombgd.thumbnail.jpg\" \/><\/a> <a href=\"http:\/\/www.pkvencac.org\/wp-content\/uploads\/2008\/01\/newyork.jpg\" title=\"newyork.jpg\"><img alt=\"newyork.jpg\" src=\"http:\/\/www.pkvencac.org\/wp-content\/uploads\/2008\/01\/newyork.thumbnail.jpg\" \/><\/a> <a href=\"http:\/\/www.pkvencac.org\/wp-content\/uploads\/2008\/01\/santiago.jpg\" title=\"santiago.jpg\"><img alt=\"santiago.jpg\" src=\"http:\/\/www.pkvencac.org\/wp-content\/uploads\/2008\/01\/santiago.thumbnail.jpg\" \/><\/a> <a href=\"http:\/\/www.pkvencac.org\/wp-content\/uploads\/2008\/01\/agencija.jpg\" title=\"agencija.jpg\"><img alt=\"agencija.jpg\" src=\"http:\/\/www.pkvencac.org\/wp-content\/uploads\/2008\/01\/agencija.thumbnail.jpg\" \/><\/a> <a href=\"http:\/\/www.pkvencac.org\/wp-content\/uploads\/2008\/01\/mendoza.jpg\" title=\"mendoza.jpg\"><img alt=\"mendoza.jpg\" src=\"http:\/\/www.pkvencac.org\/wp-content\/uploads\/2008\/01\/mendoza.thumbnail.jpg\" \/><\/a><\/p>\n<p><strong>Pozdrav prijateljima ekspedicije.<\/strong><\/p>\n<p><input id=\"gwProxy\" type=\"hidden\" \/><!--Session data--><input id=\"jsProxy\" onclick=\"jsCall();\" type=\"hidden\" \/><\/p>\n<p><input id=\"gwProxy\" type=\"hidden\" \/><!--Session data--><input id=\"jsProxy\" onclick=\"jsCall();\" type=\"hidden\" \/><\/p>\n<p><input id=\"gwProxy\" type=\"hidden\" \/><!--Session data--><input id=\"jsProxy\" onclick=\"jsCall();\" type=\"hidden\" \/><\/p>\n","protected":false},"excerpt":{"rendered":"<p>Ekspediciju pomogli: 29.02.- Beograd \u010clanovi ekspedicije Avala Akonkagva 2008 stigli u Beograd. 14.02.2008. Plasa de Mulas Sino\u0107 u 21.00 po vremenu u Srbiji penjacki tim ekspedicije Avala Akonkagva 2008 bezbedno je si&scaron;ao do baznog logora Plasa de Mulas. Svih sedam penja\u010da odli\u010dno se ose\u0107aju, uprkos napornom poduhvatu koji su preduzeli predhodnih dana. Posle jednodnevnog odmora [&hellip;]<\/p>\n","protected":false},"author":1,"featured_media":0,"parent":91,"menu_order":0,"comment_status":"closed","ping_status":"closed","template":"","meta":{"ngg_post_thumbnail":0},"_links":{"self":[{"href":"https:\/\/www.pkvencac.org\/index.php?rest_route=\/wp\/v2\/pages\/145"}],"collection":[{"href":"https:\/\/www.pkvencac.org\/index.php?rest_route=\/wp\/v2\/pages"}],"about":[{"href":"https:\/\/www.pkvencac.org\/index.php?rest_route=\/wp\/v2\/types\/page"}],"author":[{"embeddable":true,"href":"https:\/\/www.pkvencac.org\/index.php?rest_route=\/wp\/v2\/users\/1"}],"replies":[{"embeddable":true,"href":"https:\/\/www.pkvencac.org\/index.php?rest_route=%2Fwp%2Fv2%2Fcomments&post=145"}],"version-history":[{"count":9,"href":"https:\/\/www.pkvencac.org\/index.php?rest_route=\/wp\/v2\/pages\/145\/revisions"}],"predecessor-version":[{"id":1105,"href":"https:\/\/www.pkvencac.org\/index.php?rest_route=\/wp\/v2\/pages\/145\/revisions\/1105"}],"up":[{"embeddable":true,"href":"https:\/\/www.pkvencac.org\/index.php?rest_route=\/wp\/v2\/pages\/91"}],"wp:attachment":[{"href":"https:\/\/www.pkvencac.org\/index.php?rest_route=%2Fwp%2Fv2%2Fmedia&parent=145"}],"curies":[{"name":"wp","href":"https:\/\/api.w.org\/{rel}","templated":true}]}}