{"id":140,"date":"2007-12-30T14:30:15","date_gmt":"2007-12-30T13:30:15","guid":{"rendered":"http:\/\/www.pkvencac.org\/?page_id=140"},"modified":"2010-01-23T01:20:44","modified_gmt":"2010-01-23T00:20:44","slug":"vreme-trajanja-otpada","status":"publish","type":"page","link":"https:\/\/www.pkvencac.org\/?page_id=140","title":{"rendered":"Vreme trajanja otpada"},"content":{"rendered":"<ul>\n<li><font color=\"#008000\">Papirne maramice i cigarete bez filtera &#8211; 3 meseca<\/font><\/li>\n<li><font color=\"#008000\">Ostaci od vo\u0107a &#8211; 3 &#8211; 6 meseci<\/font><\/li>\n<li><font color=\"#008000\">Filteri od cigareta &#8211; 1 &#8211; 2 godine<\/font><\/li>\n<li><font color=\"#008000\">Guma za \u017evakanje &#8211; 5 godina<\/font><\/li>\n<li><font color=\"#008000\">Limene konzerve &#8211; 10 &#8211; 100 godina<\/font><\/li>\n<li><font color=\"#008000\">PVC upalja\u010d &#8211; 100 godina<\/font><\/li>\n<li><font color=\"#008000\">PVC fla\u0161a i PVC kese &#8211; 100 &#8211; 1000 godina<\/font><\/li>\n<li><font color=\"#008000\">Staklo &#8211; oko 4000 godina<\/font><\/li>\n<\/ul>\n<p><em><strong><font color=\"#008000\">&#8221; Ne ostavljaj ni\u0161ta drugo osim otisaka svojih stopala, ne odnosi sa sobom ni\u0161ta drugo<br \/>\nosim slike, utisaka i se\u0107anja. &#8220;<\/font><\/strong><\/em><\/p>\n<p><em><strong><font color=\"#008000\">&#8221; Lepota do\u017eivljaja prirode je samo kada se sa nekim podeli. Nikad ne idi u planinu sam. &#8220;<\/font><\/strong><\/em><\/p>\n<p><em><strong><font color=\"#008000\">Josif Pancic<\/font><\/strong><\/em><\/p>\n<p><a href=\"http:\/\/www.pkvencac.org\/?page_id=131\"><img src=\"http:\/\/www.pkvencac.org\/wp-content\/uploads\/2007\/11\/nazad.thumbnail.gif\" alt=\"NAZAD\" \/><\/a><\/p>\n","protected":false},"excerpt":{"rendered":"<p>Papirne maramice i cigarete bez filtera &#8211; 3 meseca Ostaci od vo\u0107a &#8211; 3 &#8211; 6 meseci Filteri od cigareta &#8211; 1 &#8211; 2 godine Guma za \u017evakanje &#8211; 5 godina Limene konzerve &#8211; 10 &#8211; 100 godina PVC upalja\u010d &#8211; 100 godina PVC fla\u0161a i PVC kese &#8211; 100 &#8211; 1000 godina Staklo &#8211; [&hellip;]<\/p>\n","protected":false},"author":1,"featured_media":0,"parent":131,"menu_order":0,"comment_status":"closed","ping_status":"open","template":"","meta":{"ngg_post_thumbnail":0},"_links":{"self":[{"href":"https:\/\/www.pkvencac.org\/index.php?rest_route=\/wp\/v2\/pages\/140"}],"collection":[{"href":"https:\/\/www.pkvencac.org\/index.php?rest_route=\/wp\/v2\/pages"}],"about":[{"href":"https:\/\/www.pkvencac.org\/index.php?rest_route=\/wp\/v2\/types\/page"}],"author":[{"embeddable":true,"href":"https:\/\/www.pkvencac.org\/index.php?rest_route=\/wp\/v2\/users\/1"}],"replies":[{"embeddable":true,"href":"https:\/\/www.pkvencac.org\/index.php?rest_route=%2Fwp%2Fv2%2Fcomments&post=140"}],"version-history":[{"count":2,"href":"https:\/\/www.pkvencac.org\/index.php?rest_route=\/wp\/v2\/pages\/140\/revisions"}],"predecessor-version":[{"id":1084,"href":"https:\/\/www.pkvencac.org\/index.php?rest_route=\/wp\/v2\/pages\/140\/revisions\/1084"}],"up":[{"embeddable":true,"href":"https:\/\/www.pkvencac.org\/index.php?rest_route=\/wp\/v2\/pages\/131"}],"wp:attachment":[{"href":"https:\/\/www.pkvencac.org\/index.php?rest_route=%2Fwp%2Fv2%2Fmedia&parent=140"}],"curies":[{"name":"wp","href":"https:\/\/api.w.org\/{rel}","templated":true}]}}