{"id":137,"date":"2007-12-27T11:05:58","date_gmt":"2007-12-27T10:05:58","guid":{"rendered":"http:\/\/www.pkvencac.org\/?page_id=137"},"modified":"2010-01-23T01:20:36","modified_gmt":"2010-01-23T00:20:36","slug":"neophodna-planinarska-oprema","status":"publish","type":"page","link":"https:\/\/www.pkvencac.org\/?page_id=137","title":{"rendered":"Neophodna planinarska oprema"},"content":{"rendered":"<p><font color=\"#008000\"><strong>NEOPHODNA PLANINARSKA OPREMA:<\/strong><\/font><\/p>\n<p><font color=\"#008000\">Oprema mora biti prilago\u0111ena planini, vremenskim prilikama i du\u017eini planinarske ture. Da ne bi zaboravio, dajemo ti spisak neophodne opreme:<\/font><\/p>\n<p><font color=\"#008000\">&#8211; planinarske cipele sa gumenim \u0111onom (vibram)<br \/>\n&#8211; planinarske pantalone<br \/>\n&#8211; rezervne planinarske \u010darape<br \/>\n&#8211; rezervni ve\u0161<br \/>\n&#8211; rezervna ko\u0161ulja<br \/>\n&#8211; vetrovka<br \/>\n&#8211; ki\u0161na kabanica<br \/>\n&#8211; ranac<br \/>\n&#8211; \u010dutura za vodu<br \/>\n&#8211; kapa ili \u0161e\u0161ir<br \/>\n&#8211; baterijska lampa<br \/>\n&#8211; \u0161ibice ili upalja\u010d<br \/>\n&#8211; planinarska karta<br \/>\n&#8211; busola<br \/>\n&#8211; planinarska knji\u017eica i li\u010dna dokumenta<br \/>\n&#8211; pribor za jelo<br \/>\n&#8211; pribor za higijenu<\/font><\/p>\n<p><font color=\"#008000\">Ako se ide na du\u017ei boravak u planinu, vre\u0107a za spavanje i \u0161ator.<\/font><\/p>\n<p><a href=\"http:\/\/www.pkvencac.org\/?page_id=131\" title=\"NAZAD\"><img src=\"http:\/\/www.pkvencac.org\/wp-content\/uploads\/2007\/11\/nazad.thumbnail.gif\" alt=\"NAZAD\" \/><\/a><\/p>\n","protected":false},"excerpt":{"rendered":"<p>NEOPHODNA PLANINARSKA OPREMA: Oprema mora biti prilago\u0111ena planini, vremenskim prilikama i du\u017eini planinarske ture. Da ne bi zaboravio, dajemo ti spisak neophodne opreme: &#8211; planinarske cipele sa gumenim \u0111onom (vibram) &#8211; planinarske pantalone &#8211; rezervne planinarske \u010darape &#8211; rezervni ve\u0161 &#8211; rezervna ko\u0161ulja &#8211; vetrovka &#8211; ki\u0161na kabanica &#8211; ranac &#8211; \u010dutura za vodu &#8211; [&hellip;]<\/p>\n","protected":false},"author":1,"featured_media":0,"parent":131,"menu_order":0,"comment_status":"closed","ping_status":"open","template":"","meta":{"ngg_post_thumbnail":0},"_links":{"self":[{"href":"https:\/\/www.pkvencac.org\/index.php?rest_route=\/wp\/v2\/pages\/137"}],"collection":[{"href":"https:\/\/www.pkvencac.org\/index.php?rest_route=\/wp\/v2\/pages"}],"about":[{"href":"https:\/\/www.pkvencac.org\/index.php?rest_route=\/wp\/v2\/types\/page"}],"author":[{"embeddable":true,"href":"https:\/\/www.pkvencac.org\/index.php?rest_route=\/wp\/v2\/users\/1"}],"replies":[{"embeddable":true,"href":"https:\/\/www.pkvencac.org\/index.php?rest_route=%2Fwp%2Fv2%2Fcomments&post=137"}],"version-history":[{"count":3,"href":"https:\/\/www.pkvencac.org\/index.php?rest_route=\/wp\/v2\/pages\/137\/revisions"}],"predecessor-version":[{"id":1083,"href":"https:\/\/www.pkvencac.org\/index.php?rest_route=\/wp\/v2\/pages\/137\/revisions\/1083"}],"up":[{"embeddable":true,"href":"https:\/\/www.pkvencac.org\/index.php?rest_route=\/wp\/v2\/pages\/131"}],"wp:attachment":[{"href":"https:\/\/www.pkvencac.org\/index.php?rest_route=%2Fwp%2Fv2%2Fmedia&parent=137"}],"curies":[{"name":"wp","href":"https:\/\/api.w.org\/{rel}","templated":true}]}}