{"id":134,"date":"2007-12-27T11:02:54","date_gmt":"2007-12-27T10:02:54","guid":{"rendered":"http:\/\/www.pkvencac.org\/?page_id=134"},"modified":"2010-01-23T01:20:23","modified_gmt":"2010-01-23T00:20:23","slug":"korisni-saveti","status":"publish","type":"page","link":"https:\/\/www.pkvencac.org\/?page_id=134","title":{"rendered":"Korisni saveti"},"content":{"rendered":"<p><font color=\"#008000\"><strong>KORISNI SAVETI<\/strong><\/font><\/p>\n<p><font color=\"#008000\">&#8211; Pre nego \u0161to krene\u0161 u planinu raspitaj se o njoj detaljno kod onih koji su ve\u0107 bili;<br \/>\n&#8211; Po povratku sa planine u svoj dnevnik zapi\u0161i sve \u0161to si zapazio; koristi\u0107e drugima, a tebi najvi\u0161e ako odlu\u010di\u0161 da je ponovo poseti\u0161;<br \/>\n&#8211; Postaraj se da neko ta\u010dno zna tvoj plan boravka i obilaska planine &#8211; zlu ne trebalo;<br \/>\n&#8211; Nikad u planinu ne idi sam, posebno zimi;<br \/>\n&#8211; Opremu ispitaj i probaj pre nego \u0161to krene\u0161 u planinu;<br \/>\n&#8211; Ako si u planinarskom domu svoje planove za uspon iznesi domaru.<br \/>\n&#8211; U planini uvek imaj sa sobom svoju kartu, kompas, sat, baterijsku lampu, \u0161ibice, prvi zavoj, dokumanta, pi\u0161taljku i rezervnu presvlaku;<br \/>\n&#8211; Ne napu\u0161taj prijatelja u nesre\u0107i;<br \/>\n&#8211; Od tvoje kondicije zavisi da li \u0107e\u0161 uspeti da realizuje\u0161 svoj plan;<br \/>\n&#8211; Posmatraj okolinu oko sebe jer \u0107e ti do\u017eivljaji u planini biti potpuniji i bogatiji;<br \/>\n&#8211; Planinu koju poseti\u0161 opi\u0161i, fotografi\u0161i i zapamti, ni\u0161ta se nije dogodilo ako nije zapisano;<br \/>\n&#8211; Planinsko bilje \u010duvaj, ono je najlep\u0161e tamo gde raste;<br \/>\n&#8211; Kad napusti\u0161 planinarsko skloni\u0161te iza sebe ostavi red i tako pripremljeno skloni\u0161te da ga slede\u0107i mo\u017ee odmah da koristi;<br \/>\n&#8211; Mokru obu\u0107u ne su\u0161i kraj vatre. Popuni je novinama i su\u0161i na promaji;<br \/>\n&#8211; Svoje otpatke napravljene na vrhu skupi i odnesi u dolinu. Sme\u0107e baci na za to odre\u0111eno mesto;<br \/>\n&#8211; \u010cuvaj planinarske znake, oni su postavljeni zbog svih planinara, a ne samo za tebe;<br \/>\n&#8211; Planinarski domovi su pravljeni za pokoljenja. Sa\u010duvajmo ih;<br \/>\n&#8211; Ne jedi sneg i led, ne uzimaj so direktno, pij slanu supu.<\/font><\/p>\n<p><a href=\"http:\/\/www.pkvencac.org\/?page_id=131\" title=\"NAZAD\"><img src=\"http:\/\/www.pkvencac.org\/wp-content\/uploads\/2007\/11\/nazad.thumbnail.gif\" alt=\"NAZAD\" \/><\/a><\/p>\n","protected":false},"excerpt":{"rendered":"<p>KORISNI SAVETI &#8211; Pre nego \u0161to krene\u0161 u planinu raspitaj se o njoj detaljno kod onih koji su ve\u0107 bili; &#8211; Po povratku sa planine u svoj dnevnik zapi\u0161i sve \u0161to si zapazio; koristi\u0107e drugima, a tebi najvi\u0161e ako odlu\u010di\u0161 da je ponovo poseti\u0161; &#8211; Postaraj se da neko ta\u010dno zna tvoj plan boravka i [&hellip;]<\/p>\n","protected":false},"author":1,"featured_media":0,"parent":131,"menu_order":0,"comment_status":"closed","ping_status":"open","template":"","meta":{"ngg_post_thumbnail":0},"_links":{"self":[{"href":"https:\/\/www.pkvencac.org\/index.php?rest_route=\/wp\/v2\/pages\/134"}],"collection":[{"href":"https:\/\/www.pkvencac.org\/index.php?rest_route=\/wp\/v2\/pages"}],"about":[{"href":"https:\/\/www.pkvencac.org\/index.php?rest_route=\/wp\/v2\/types\/page"}],"author":[{"embeddable":true,"href":"https:\/\/www.pkvencac.org\/index.php?rest_route=\/wp\/v2\/users\/1"}],"replies":[{"embeddable":true,"href":"https:\/\/www.pkvencac.org\/index.php?rest_route=%2Fwp%2Fv2%2Fcomments&post=134"}],"version-history":[{"count":2,"href":"https:\/\/www.pkvencac.org\/index.php?rest_route=\/wp\/v2\/pages\/134\/revisions"}],"predecessor-version":[{"id":1081,"href":"https:\/\/www.pkvencac.org\/index.php?rest_route=\/wp\/v2\/pages\/134\/revisions\/1081"}],"up":[{"embeddable":true,"href":"https:\/\/www.pkvencac.org\/index.php?rest_route=\/wp\/v2\/pages\/131"}],"wp:attachment":[{"href":"https:\/\/www.pkvencac.org\/index.php?rest_route=%2Fwp%2Fv2%2Fmedia&parent=134"}],"curies":[{"name":"wp","href":"https:\/\/api.w.org\/{rel}","templated":true}]}}