{"id":131,"date":"2007-12-27T10:55:22","date_gmt":"2007-12-27T09:55:22","guid":{"rendered":"http:\/\/www.pkvencac.org\/?page_id=131"},"modified":"2010-01-23T01:19:56","modified_gmt":"2010-01-23T00:19:56","slug":"informacije","status":"publish","type":"page","link":"https:\/\/www.pkvencac.org\/?page_id=131","title":{"rendered":"Informacije"},"content":{"rendered":"<p><a href=\"http:\/\/www.pkvencac.org\/?page_id=136\" title=\"\u0160TA TREBA RADITI U SLU\u010cAJU NESRE\u0106E\"><img src=\"http:\/\/www.pkvencac.org\/wp-content\/uploads\/2007\/12\/sta-treba-raditi-u-slucaju-nesrece.thumbnail.gif\" alt=\"sta-treba-raditi-u-slucaju-nesrece.gif\" \/><\/a><a href=\"http:\/\/www.pkvencac.org\/?page_id=135\" title=\"ME\u0110UNARODNO PRIZNATI DANI\"><img src=\"http:\/\/www.pkvencac.org\/wp-content\/uploads\/2007\/12\/medjunarodno.thumbnail.gif\" alt=\"medjunarodno.gif\" \/><\/a><a href=\"http:\/\/www.pkvencac.org\/?page_id=133\" title=\"KATMANDU DEKLARACIJA\"><img src=\"http:\/\/www.pkvencac.org\/wp-content\/uploads\/2007\/12\/katmandu.thumbnail.gif\" alt=\"katmandu.gif\" \/><\/a><br \/>\n<a href=\"http:\/\/www.pkvencac.org\/?page_id=132\" title=\"ETI\u010cKI KODEKS\"><img src=\"http:\/\/www.pkvencac.org\/wp-content\/uploads\/2007\/12\/eticki-kodeks.thumbnail.gif\" alt=\"eticki-kodeks.gif\" \/><\/a><a href=\"http:\/\/www.pkvencac.org\/?page_id=137\" title=\"NEOPHODNA PLANINARSKA OPREMA\"><img src=\"http:\/\/www.pkvencac.org\/wp-content\/uploads\/2007\/12\/neophodna-oprema.thumbnail.gif\" alt=\"neophodna-oprema.gif\" \/><\/a><a href=\"http:\/\/www.pkvencac.org\/?page_id=134\" title=\"KORISNI SAVETI\"><img src=\"http:\/\/www.pkvencac.org\/wp-content\/uploads\/2007\/12\/korisni-saveti.thumbnail.gif\" alt=\"korisni-saveti.gif\" \/><\/a><br \/>\n<a href=\"http:\/\/www.pkvencac.org\/?page_id=140\" title=\"VREME TRAJANJA OTPADA\"><img src=\"http:\/\/www.pkvencac.org\/wp-content\/uploads\/2007\/12\/vreme-trajanja-otpada.thumbnail.gif\" alt=\"vreme-trajanja-otpada.gif\" \/><\/a><a href=\"http:\/\/www.pkvencac.org\/?page_id=139\"><img src=\"http:\/\/www.pkvencac.org\/wp-content\/uploads\/2007\/12\/vremenska-prognoza.thumbnail.gif\" alt=\"vremenska-prognoza.gif\" \/><\/a><\/p>\n","protected":false},"excerpt":{"rendered":"","protected":false},"author":1,"featured_media":0,"parent":66,"menu_order":0,"comment_status":"closed","ping_status":"open","template":"","meta":{"ngg_post_thumbnail":0},"_links":{"self":[{"href":"https:\/\/www.pkvencac.org\/index.php?rest_route=\/wp\/v2\/pages\/131"}],"collection":[{"href":"https:\/\/www.pkvencac.org\/index.php?rest_route=\/wp\/v2\/pages"}],"about":[{"href":"https:\/\/www.pkvencac.org\/index.php?rest_route=\/wp\/v2\/types\/page"}],"author":[{"embeddable":true,"href":"https:\/\/www.pkvencac.org\/index.php?rest_route=\/wp\/v2\/users\/1"}],"replies":[{"embeddable":true,"href":"https:\/\/www.pkvencac.org\/index.php?rest_route=%2Fwp%2Fv2%2Fcomments&post=131"}],"version-history":[{"count":2,"href":"https:\/\/www.pkvencac.org\/index.php?rest_route=\/wp\/v2\/pages\/131\/revisions"}],"predecessor-version":[{"id":1078,"href":"https:\/\/www.pkvencac.org\/index.php?rest_route=\/wp\/v2\/pages\/131\/revisions\/1078"}],"up":[{"embeddable":true,"href":"https:\/\/www.pkvencac.org\/index.php?rest_route=\/wp\/v2\/pages\/66"}],"wp:attachment":[{"href":"https:\/\/www.pkvencac.org\/index.php?rest_route=%2Fwp%2Fv2%2Fmedia&parent=131"}],"curies":[{"name":"wp","href":"https:\/\/api.w.org\/{rel}","templated":true}]}}