{"id":1136,"date":"2011-01-15T18:53:29","date_gmt":"2011-01-15T17:53:29","guid":{"rendered":"http:\/\/www.pkvencac.org\/?page_id=1136"},"modified":"2011-01-15T18:53:29","modified_gmt":"2011-01-15T17:53:29","slug":"kalendar-tradicionalnih-akcija-pss-za-2011-godinu","status":"publish","type":"page","link":"https:\/\/www.pkvencac.org\/?page_id=1136","title":{"rendered":"Kalendar tradicionalnih akcija PSS za 2011. godinu"},"content":{"rendered":"<table border=\"1\" cellpadding=\"5\" cellspacing=\"2\" style=\"height: 272px; width: 563px;\" width=\"470\">\n<tbody>\n<tr>\n<td bgcolor=\"#f3f2f3\" style=\"text-align: center;\"><strong>Mesec<\/strong><\/td>\n<td bgcolor=\"#f3f2f3\" style=\"text-align: center;\"><strong>Datum<\/strong><\/td>\n<td bgcolor=\"#f3f2f3\" style=\"text-align: center;\"><strong>Naziv Akcije<\/strong><\/td>\n<td bgcolor=\"#f3f2f3\" style=\"text-align: center;\"><strong>Lokacija<\/strong><\/td>\n<td bgcolor=\"#f3f2f3\" style=\"text-align: center;\"><strong>Planinarsko dru&scaron;tvo<\/strong><\/td>\n<\/tr>\n<tr>\n<td bgcolor=\"#f3f2f3\" rowspan=\"2\" style=\"text-align: center;\">Januar<\/td>\n<td bgcolor=\"#f3f2f3\" style=\"text-align: center;\">22.<\/td>\n<td bgcolor=\"#f3f2f3\" style=\"text-align: center;\">10. Svetosavski uspon na Guduri\u010dki vrh<\/td>\n<td bgcolor=\"#f3f2f3\" style=\"text-align: center;\">Vr&scaron;a\u010dke planine<\/td>\n<td bgcolor=\"#f3f2f3\" style=\"text-align: center;\">PSD \u017delezni\u010dar Vr&scaron;ac<\/td>\n<\/tr>\n<tr>\n<td bgcolor=\"#f3f2f3\" style=\"text-align: center;\">29.<\/td>\n<td bgcolor=\"#f3f2f3\" style=\"text-align: center;\">Svetosavski uspon na Veliki Vetren<\/td>\n<td bgcolor=\"#f3f2f3\" style=\"text-align: center;\">Juhor<\/td>\n<td bgcolor=\"#f3f2f3\" style=\"text-align: center;\">PSD Juhor, Jagodina<\/td>\n<\/tr>\n<tr>\n<td bgcolor=\"#f3f2f3\" style=\"text-align: center;\">Februar<\/td>\n<td bgcolor=\"#f3f2f3\" style=\"text-align: center;\">&nbsp;<\/td>\n<td bgcolor=\"#f3f2f3\" style=\"text-align: center;\">&nbsp;<\/td>\n<td bgcolor=\"#f3f2f3\" style=\"text-align: center;\">&nbsp;<\/td>\n<td bgcolor=\"#f3f2f3\" style=\"text-align: center;\">&nbsp;<\/td>\n<\/tr>\n<tr>\n<td bgcolor=\"#f3f2f3\" rowspan=\"3\" style=\"text-align: center;\">Mart<\/td>\n<td bgcolor=\"#f3f2f3\" style=\"text-align: center;\">05.<\/td>\n<td bgcolor=\"#f3f2f3\" style=\"text-align: center;\">16. Osmomartovski susret planinara<\/td>\n<td bgcolor=\"#f3f2f3\" style=\"text-align: center;\">Fru&scaron;ka gora<\/td>\n<td bgcolor=\"#f3f2f3\" style=\"text-align: center;\">PSD &quot;Zmajevac&quot; Vrdnik<\/td>\n<\/tr>\n<tr>\n<td bgcolor=\"#f3f2f3\" style=\"text-align: center;\">20.<\/td>\n<td bgcolor=\"#f3f2f3\" style=\"text-align: center;\">13. Pozdrav prole\u0107u<\/td>\n<td bgcolor=\"#f3f2f3\" style=\"text-align: center;\">Aleksinac, Sokobanja<\/td>\n<td bgcolor=\"#f3f2f3\" style=\"text-align: center;\">PSD Br\u0111anka, Aleksinac<\/td>\n<\/tr>\n<tr>\n<td bgcolor=\"#f3f2f3\" style=\"text-align: center;\">26.<\/td>\n<td bgcolor=\"#f3f2f3\" style=\"text-align: center;\">Mart na Mori\u010du<\/td>\n<td bgcolor=\"#f3f2f3\" style=\"text-align: center;\">Mori\u010d<\/td>\n<td bgcolor=\"#f3f2f3\" style=\"text-align: center;\">PK Mori\u010d Vlasotince<\/td>\n<\/tr>\n<tr>\n<td bgcolor=\"#f3f2f3\" rowspan=\"5\" style=\"text-align: center;\">April<\/td>\n<td bgcolor=\"#f3f2f3\" style=\"text-align: center;\">9 i 10.<\/td>\n<td bgcolor=\"#f3f2f3\" style=\"text-align: center;\">13.Prole\u0107e u parku prirode<\/td>\n<td bgcolor=\"#f3f2f3\" style=\"text-align: center;\">Jela&scaron;ni\u010dka klisura<\/td>\n<td bgcolor=\"#f3f2f3\" style=\"text-align: center;\">PD Jela&scaron;ni\u010dka klisura, Jela&scaron;nica<\/td>\n<\/tr>\n<tr>\n<td bgcolor=\"#f3f2f3\" style=\"text-align: center;\">9. i 10.<\/td>\n<td bgcolor=\"#f3f2f3\" style=\"text-align: center;\">Prole\u0107ni dan planinara<\/td>\n<td bgcolor=\"#f3f2f3\" style=\"text-align: center;\">Gledi\u0107ke planine<\/td>\n<td bgcolor=\"#f3f2f3\" style=\"text-align: center;\">PSD Ljukten Trstenik<\/td>\n<\/tr>\n<tr>\n<td bgcolor=\"#f3f2f3\" style=\"text-align: center;\">17.<\/td>\n<td bgcolor=\"#f3f2f3\" style=\"text-align: center;\">7. Stazama 2.Srpskog ustanka<\/td>\n<td bgcolor=\"#f3f2f3\" style=\"text-align: center;\">Rudnik<\/td>\n<td bgcolor=\"#f3f2f3\" style=\"text-align: center;\">PD Rudnik, G.Milanovac<\/td>\n<\/tr>\n<tr>\n<td bgcolor=\"#f3f2f3\" style=\"text-align: center;\">24.<\/td>\n<td bgcolor=\"#f3f2f3\" style=\"text-align: center;\">33. Prole\u0107ni dan planinara<\/td>\n<td bgcolor=\"#f3f2f3\" style=\"text-align: center;\">Beljanica<\/td>\n<td bgcolor=\"#f3f2f3\" style=\"text-align: center;\">PSD Beljanica, Svilajnac<\/td>\n<\/tr>\n<tr>\n<td bgcolor=\"#f3f2f3\" style=\"text-align: center;\">30.<\/td>\n<td bgcolor=\"#f3f2f3\" style=\"text-align: center;\">8. Kara\u0111or\u0111evim stopama<\/td>\n<td bgcolor=\"#f3f2f3\" style=\"text-align: center;\">Radovanjska brda<\/td>\n<td bgcolor=\"#f3f2f3\" style=\"text-align: center;\">PD Vrbica, Velika Plana<\/td>\n<\/tr>\n<tr>\n<td bgcolor=\"#f3f2f3\" rowspan=\"3\" style=\"text-align: center;\">Maj<\/td>\n<td bgcolor=\"#f3f2f3\" style=\"text-align: center;\">02.<\/td>\n<td bgcolor=\"#f3f2f3\" style=\"text-align: center;\">Piknik na Lazinom viru<\/td>\n<td bgcolor=\"#f3f2f3\" style=\"text-align: center;\">Fru&scaron;ka gora<\/td>\n<td bgcolor=\"#f3f2f3\" style=\"text-align: center;\">PSD GSP Novi Sad<\/td>\n<\/tr>\n<tr>\n<td bgcolor=\"#f3f2f3\" style=\"text-align: center;\">15.<\/td>\n<td bgcolor=\"#f3f2f3\" style=\"text-align: center;\">55.Narcisu u pohode<\/td>\n<td bgcolor=\"#f3f2f3\" style=\"text-align: center;\">Stolovi<\/td>\n<td bgcolor=\"#f3f2f3\" style=\"text-align: center;\">PSD Gvozdac &#8211; Kraljevo<\/td>\n<\/tr>\n<tr>\n<td bgcolor=\"#f3f2f3\" style=\"text-align: center;\">28.<\/td>\n<td bgcolor=\"#f3f2f3\" style=\"text-align: center;\">Susret planinara Srbije<\/td>\n<td bgcolor=\"#f3f2f3\" style=\"text-align: center;\">Bora\u010dki kr&scaron;<\/td>\n<td bgcolor=\"#f3f2f3\" style=\"text-align: center;\">PSD FRA \u010ca\u010dak<\/td>\n<\/tr>\n<tr>\n<td bgcolor=\"#f3f2f3\" style=\"text-align: center;\">Jun<\/td>\n<td bgcolor=\"#f3f2f3\" style=\"text-align: center;\">11.<\/td>\n<td bgcolor=\"#f3f2f3\" style=\"text-align: center;\">07.Prole\u0107ni dan Planinara Malinik<\/td>\n<td bgcolor=\"#f3f2f3\" style=\"text-align: center;\">Ju\u017eni Ku\u010daj<\/td>\n<td bgcolor=\"#f3f2f3\" style=\"text-align: center;\">PD Duba&scaron;nica Zlot<\/td>\n<\/tr>\n<tr>\n<td bgcolor=\"#f3f2f3\" rowspan=\"3\" style=\"text-align: center;\">Jul<\/td>\n<td bgcolor=\"#f3f2f3\" style=\"text-align: center;\">9.-10.<\/td>\n<td bgcolor=\"#f3f2f3\" style=\"text-align: center;\">No\u0107ni uspon na krov Vojvodine<\/td>\n<td bgcolor=\"#f3f2f3\" style=\"text-align: center;\">Vr&scaron;a\u010dke planine<\/td>\n<td bgcolor=\"#f3f2f3\" style=\"text-align: center;\">PSD \u017delezni\u010dar, Vr&scaron;ac<\/td>\n<\/tr>\n<tr>\n<td bgcolor=\"#f3f2f3\" style=\"text-align: center;\">16.-17<\/td>\n<td bgcolor=\"#f3f2f3\" style=\"text-align: center;\">Povlenski Vrhovi<\/td>\n<td bgcolor=\"#f3f2f3\" style=\"text-align: center;\">Povlen<\/td>\n<td bgcolor=\"#f3f2f3\" style=\"text-align: center;\">PEU &quot;POVLEN&quot; Valjevo<\/td>\n<\/tr>\n<tr>\n<td bgcolor=\"#f3f2f3\" style=\"text-align: center;\">23.-24<\/td>\n<td bgcolor=\"#f3f2f3\" style=\"text-align: center;\">14.Simonevi\u0107evi Dani<\/td>\n<td bgcolor=\"#f3f2f3\" style=\"text-align: center;\">&nbsp;<\/td>\n<td bgcolor=\"#f3f2f3\" style=\"text-align: center;\">\u017dPSD Dr. R. Simonovi\u0107 Sombor<\/td>\n<\/tr>\n<tr>\n<td bgcolor=\"#f3f2f3\" rowspan=\"2\" style=\"text-align: center;\">Avgust<\/td>\n<td bgcolor=\"#f3f2f3\" style=\"text-align: center;\">14.<\/td>\n<td bgcolor=\"#f3f2f3\" style=\"text-align: center;\">Tragom 2.prekobrojnog puka<\/td>\n<td bgcolor=\"#f3f2f3\" style=\"text-align: center;\">Cer<\/td>\n<td bgcolor=\"#f3f2f3\" style=\"text-align: center;\">PSD Cer, &Scaron;abac<\/td>\n<\/tr>\n<tr>\n<td bgcolor=\"#f3f2f3\" style=\"text-align: center;\">20.-22.<\/td>\n<td bgcolor=\"#f3f2f3\" style=\"text-align: center;\">4.Vranjski Maraton<\/td>\n<td bgcolor=\"#f3f2f3\" style=\"text-align: center;\">Grot &#8211; Oblik<\/td>\n<td bgcolor=\"#f3f2f3\" style=\"text-align: center;\">SPID &quot;\u017delezni\u010dar 2006 &quot; Vranje<\/td>\n<\/tr>\n<tr>\n<td bgcolor=\"#f3f2f3\" rowspan=\"2\" style=\"text-align: center;\">Septembar<\/td>\n<td bgcolor=\"#f3f2f3\" style=\"text-align: center;\">17.-18.<\/td>\n<td bgcolor=\"#f3f2f3\" style=\"text-align: center;\">Vukove Bogaze<\/td>\n<td bgcolor=\"#f3f2f3\" style=\"text-align: center;\">&nbsp;<\/td>\n<td bgcolor=\"#f3f2f3\" style=\"text-align: center;\">PSD Gu\u010devo, Loznica<\/td>\n<\/tr>\n<tr>\n<td bgcolor=\"#f3f2f3\" style=\"text-align: center;\">25.<\/td>\n<td bgcolor=\"#f3f2f3\" style=\"text-align: center;\">25. Jesenji uspon na Guduri\u010dki vrh<\/td>\n<td bgcolor=\"#f3f2f3\" style=\"text-align: center;\">Vr&scaron;a\u010dke planine<\/td>\n<td bgcolor=\"#f3f2f3\" style=\"text-align: center;\">PSD Vr&scaron;a\u010dka kula Vr&scaron;ac<\/td>\n<\/tr>\n<tr>\n<td bgcolor=\"#f3f2f3\" style=\"text-align: center;\">Oktobar<\/td>\n<td bgcolor=\"#f3f2f3\" style=\"text-align: center;\">01.<\/td>\n<td bgcolor=\"#f3f2f3\" style=\"text-align: center;\">37.Pali\u0107ki susreti<\/td>\n<td bgcolor=\"#f3f2f3\" style=\"text-align: center;\">Pali\u0107<\/td>\n<td bgcolor=\"#f3f2f3\" style=\"text-align: center;\">PK Spartak Subotica<\/td>\n<\/tr>\n<tr>\n<td bgcolor=\"#f3f2f3\" rowspan=\"2\" style=\"text-align: center;\">Novembar<\/td>\n<td bgcolor=\"#f3f2f3\" style=\"text-align: center;\">05. &#8211; 06.<\/td>\n<td bgcolor=\"#f3f2f3\" style=\"text-align: center;\">31. No\u0107ni Mar&scaron;<\/td>\n<td bgcolor=\"#f3f2f3\" style=\"text-align: center;\">Fru&scaron;ka Gora<\/td>\n<td bgcolor=\"#f3f2f3\" style=\"text-align: center;\">PSD Po&scaron;tar Novi Sad<\/td>\n<\/tr>\n<tr>\n<td bgcolor=\"#f3f2f3\" style=\"text-align: center;\">12. &#8211; 13.<\/td>\n<td bgcolor=\"#f3f2f3\" style=\"text-align: center;\">Ribnikarevi Dani<\/td>\n<td bgcolor=\"#f3f2f3\" style=\"text-align: center;\">Go\u010d<\/td>\n<td bgcolor=\"#f3f2f3\" style=\"text-align: center;\">PSD Ljukten Trstenik<\/td>\n<\/tr>\n<tr>\n<td bgcolor=\"#f3f2f3\" style=\"text-align: center;\">Decembar<\/td>\n<td bgcolor=\"#f3f2f3\" style=\"text-align: center;\">24. &#8211; 25.<\/td>\n<td bgcolor=\"#f3f2f3\" style=\"text-align: center;\">Avala iz 4 pravca<\/td>\n<td bgcolor=\"#f3f2f3\" style=\"text-align: center;\">Avala<\/td>\n<td bgcolor=\"#f3f2f3\" style=\"text-align: center;\">PSD Kopaonik, Beograd<\/td>\n<\/tr>\n<\/tbody>\n<\/table>\n","protected":false},"excerpt":{"rendered":"<p>Mesec Datum Naziv Akcije Lokacija Planinarsko dru&scaron;tvo Januar 22. 10. Svetosavski uspon na Guduri\u010dki vrh Vr&scaron;a\u010dke planine PSD \u017delezni\u010dar Vr&scaron;ac 29. Svetosavski uspon na Veliki Vetren Juhor PSD Juhor, Jagodina Februar &nbsp; &nbsp; &nbsp; &nbsp; Mart 05. 16. Osmomartovski susret planinara Fru&scaron;ka gora PSD &quot;Zmajevac&quot; Vrdnik 20. 13. Pozdrav prole\u0107u Aleksinac, Sokobanja PSD Br\u0111anka, Aleksinac [&hellip;]<\/p>\n","protected":false},"author":1,"featured_media":0,"parent":102,"menu_order":0,"comment_status":"closed","ping_status":"open","template":"","meta":{"ngg_post_thumbnail":0},"_links":{"self":[{"href":"https:\/\/www.pkvencac.org\/index.php?rest_route=\/wp\/v2\/pages\/1136"}],"collection":[{"href":"https:\/\/www.pkvencac.org\/index.php?rest_route=\/wp\/v2\/pages"}],"about":[{"href":"https:\/\/www.pkvencac.org\/index.php?rest_route=\/wp\/v2\/types\/page"}],"author":[{"embeddable":true,"href":"https:\/\/www.pkvencac.org\/index.php?rest_route=\/wp\/v2\/users\/1"}],"replies":[{"embeddable":true,"href":"https:\/\/www.pkvencac.org\/index.php?rest_route=%2Fwp%2Fv2%2Fcomments&post=1136"}],"version-history":[{"count":4,"href":"https:\/\/www.pkvencac.org\/index.php?rest_route=\/wp\/v2\/pages\/1136\/revisions"}],"predecessor-version":[{"id":1140,"href":"https:\/\/www.pkvencac.org\/index.php?rest_route=\/wp\/v2\/pages\/1136\/revisions\/1140"}],"up":[{"embeddable":true,"href":"https:\/\/www.pkvencac.org\/index.php?rest_route=\/wp\/v2\/pages\/102"}],"wp:attachment":[{"href":"https:\/\/www.pkvencac.org\/index.php?rest_route=%2Fwp%2Fv2%2Fmedia&parent=1136"}],"curies":[{"name":"wp","href":"https:\/\/api.w.org\/{rel}","templated":true}]}}